{"id":327,"date":"2023-03-28T11:42:17","date_gmt":"2023-03-28T09:42:17","guid":{"rendered":"https:\/\/www.saludcbo.com\/accesibilidad-2\/"},"modified":"2023-08-06T18:06:21","modified_gmt":"2023-08-06T16:06:21","slug":"accesibilidad","status":"publish","type":"page","link":"https:\/\/www.saludcbo.com\/en\/accessibility\/","title":{"rendered":"Accessibility"},"content":{"rendered":"<div data-elementor-type=\"wp-page\" data-elementor-id=\"327\" class=\"elementor elementor-327\" data-elementor-post-type=\"page\">\n\t\t\t\t\t\t<section class=\"elementor-section elementor-top-section elementor-element elementor-element-6ed19c73 elementor-section-full_width elementor-section-height-default elementor-section-height-default\" data-id=\"6ed19c73\" data-element_type=\"section\" data-settings=\"{&quot;background_background&quot;:&quot;classic&quot;,&quot;background_motion_fx_motion_fx_scrolling&quot;:&quot;yes&quot;,&quot;background_motion_fx_devices&quot;:[&quot;desktop&quot;,&quot;tablet&quot;,&quot;mobile&quot;]}\">\n\t\t\t\t\t\t\t<div class=\"elementor-background-overlay\"><\/div>\n\t\t\t\t\t\t\t<div class=\"elementor-container elementor-column-gap-no\">\n\t\t\t\t\t<div class=\"elementor-column elementor-col-100 elementor-top-column elementor-element elementor-element-66f841c7\" data-id=\"66f841c7\" data-element_type=\"column\" data-settings=\"{&quot;background_background&quot;:&quot;classic&quot;}\">\n\t\t\t<div class=\"elementor-widget-wrap elementor-element-populated\">\n\t\t\t\t\t\t<div class=\"elementor-element elementor-element-3a8ee56 elementor-widget__width-auto elementor-mobile-align-center elementor-widget-mobile__width-auto elementor-widget elementor-widget-breadcrumbs\" data-id=\"3a8ee56\" data-element_type=\"widget\" data-widget_type=\"breadcrumbs.default\">\n\t\t\t\t<div class=\"elementor-widget-container\">\n\t\t\t\t\t<p id=\"breadcrumbs\"><span><span><a href=\"https:\/\/www.saludcbo.com\/en\">Start<\/a><\/span><\/span><\/p>\t\t\t\t<\/div>\n\t\t\t\t<\/div>\n\t\t\t\t<div class=\"elementor-element elementor-element-182ddd14 elementor-invisible elementor-widget elementor-widget-heading\" data-id=\"182ddd14\" data-element_type=\"widget\" data-settings=\"{&quot;_animation&quot;:&quot;fadeInLeft&quot;}\" data-widget_type=\"heading.default\">\n\t\t\t\t<div class=\"elementor-widget-container\">\n\t\t\t\t\t<h1 class=\"elementor-heading-title elementor-size-default\">ACCESSIBILITY<\/h1>\t\t\t\t<\/div>\n\t\t\t\t<\/div>\n\t\t\t\t<div class=\"elementor-element elementor-element-ecf3d88 elementor-widget elementor-widget-text-editor\" data-id=\"ecf3d88\" data-element_type=\"widget\" data-widget_type=\"text-editor.default\">\n\t\t\t\t<div class=\"elementor-widget-container\">\n\t\t\t\t\t\t\t\t\t<p style=\"text-align: center;\">Responsible declaration of accessibility of this website in compliance with current regulations<\/p>\t\t\t\t\t\t\t\t<\/div>\n\t\t\t\t<\/div>\n\t\t\t\t\t<\/div>\n\t\t<\/div>\n\t\t\t\t\t<\/div>\n\t\t<\/section>\n\t\t\t\t<section class=\"elementor-section elementor-top-section elementor-element elementor-element-abec499 elementor-section-boxed elementor-section-height-default elementor-section-height-default\" data-id=\"abec499\" data-element_type=\"section\">\n\t\t\t\t\t\t<div class=\"elementor-container elementor-column-gap-default\">\n\t\t\t\t\t<div class=\"elementor-column elementor-col-100 elementor-top-column elementor-element elementor-element-e256f19\" data-id=\"e256f19\" data-element_type=\"column\">\n\t\t\t<div class=\"elementor-widget-wrap elementor-element-populated\">\n\t\t\t\t\t\t<div class=\"elementor-element elementor-element-edff494 elementor-widget elementor-widget-text-editor\" data-id=\"edff494\" data-element_type=\"widget\" data-widget_type=\"text-editor.default\">\n\t\t\t\t<div class=\"elementor-widget-container\">\n\t\t\t\t\t\t\t\t\t<p><strong>CBO HEALTH<\/strong> is committed to providing a fully accessible website experience for all users, including those who rely on assistive technologies such as screen readers, screen magnification software, and alternative keyboard input devices to navigate the web, in accordance with the <a class=\"ext\" href=\"https:\/\/www.boe.es\/diario_boe\/txt.php?id=BOE-A-2018-12699\" target=\"_blank\" rel=\"noopener noreferrer\" data-extlink=\"\">Royal Decree 1112\/2018, of September 7, on the accessibility of websites and applications for mobile devices in the public sector.<\/a><\/p><p>This accessibility statement applies to the website: www.saludcbo.com<\/p>\t\t\t\t\t\t\t\t<\/div>\n\t\t\t\t<\/div>\n\t\t\t\t<div class=\"elementor-element elementor-element-f21067f elementor-invisible elementor-widget elementor-widget-heading\" data-id=\"f21067f\" data-element_type=\"widget\" data-settings=\"{&quot;_animation&quot;:&quot;fadeIn&quot;}\" data-widget_type=\"heading.default\">\n\t\t\t\t<div class=\"elementor-widget-container\">\n\t\t\t\t\t<h2 class=\"elementor-heading-title elementor-size-default\">COMPLIANCE STATUS<\/h2>\t\t\t\t<\/div>\n\t\t\t\t<\/div>\n\t\t\t\t<div class=\"elementor-element elementor-element-752f7ed elementor-widget elementor-widget-text-editor\" data-id=\"752f7ed\" data-element_type=\"widget\" data-widget_type=\"text-editor.default\">\n\t\t\t\t<div class=\"elementor-widget-container\">\n\t\t\t\t\t\t\t\t\t<p>This website is partially in accordance with RD 1112\/2018 due to the exceptions and the lack of conformity of the aspects indicated in the following point.<\/p>\t\t\t\t\t\t\t\t<\/div>\n\t\t\t\t<\/div>\n\t\t\t\t<div class=\"elementor-element elementor-element-0ad2d91 elementor-invisible elementor-widget elementor-widget-heading\" data-id=\"0ad2d91\" data-element_type=\"widget\" data-settings=\"{&quot;_animation&quot;:&quot;fadeIn&quot;}\" data-widget_type=\"heading.default\">\n\t\t\t\t<div class=\"elementor-widget-container\">\n\t\t\t\t\t<h2 class=\"elementor-heading-title elementor-size-default\">CONTENT NOT ACCESSIBLE<\/h2>\t\t\t\t<\/div>\n\t\t\t\t<\/div>\n\t\t\t\t<div class=\"elementor-element elementor-element-be62138 elementor-widget elementor-widget-text-editor\" data-id=\"be62138\" data-element_type=\"widget\" data-widget_type=\"text-editor.default\">\n\t\t\t\t<div class=\"elementor-widget-container\">\n\t\t\t\t\t\t\t\t\t<p><span style=\"color: var( --e-global-color-text ); font-family: var( --e-global-typography-text-font-family ), Sans-serif; font-size: var( --e-global-typography-text-font-size ); font-weight: var( --e-global-typography-text-font-weight );\">The content listed below is not accessible for the following reasons:<\/span><\/p><h3 style=\"padding-left: 40px;\">Lack of compliance with RD 1112\/2018<\/h3><p style=\"padding-left: 40px;\">There could be office documents in PDF and other formats published after September 20, 2018 that do not fully meet the accessibility requirements. Fully accessible documents can be requested from the contact form to formalize complaints and queries.<\/p><p style=\"padding-left: 40px;\">There could be specific editing code errors on some web page. [4.1.1 Processing]<\/p><h3 style=\"padding-left: 40px;\">The content does not fall within the scope of applicable law<\/h3><p style=\"padding-left: 40px;\">There could be office files in PDF or other formats published before September 20, 2018 that do not fully meet all accessibility requirements. Although efforts have been made to ensure that most of them do comply.<\/p>\t\t\t\t\t\t\t\t<\/div>\n\t\t\t\t<\/div>\n\t\t\t\t<div class=\"elementor-element elementor-element-1eec215 elementor-invisible elementor-widget elementor-widget-heading\" data-id=\"1eec215\" data-element_type=\"widget\" data-settings=\"{&quot;_animation&quot;:&quot;fadeIn&quot;}\" data-widget_type=\"heading.default\">\n\t\t\t\t<div class=\"elementor-widget-container\">\n\t\t\t\t\t<h2 class=\"elementor-heading-title elementor-size-default\">OPTIONAL CONTENT<\/h2>\t\t\t\t<\/div>\n\t\t\t\t<\/div>\n\t\t\t\t<div class=\"elementor-element elementor-element-1a8df97 elementor-widget elementor-widget-text-editor\" data-id=\"1a8df97\" data-element_type=\"widget\" data-widget_type=\"text-editor.default\">\n\t\t\t\t<div class=\"elementor-widget-container\">\n\t\t\t\t\t\t\t\t\t<p><span style=\"color: var( --e-global-color-text ); font-family: var( --e-global-typography-text-font-family ), Sans-serif; font-size: var( --e-global-typography-text-font-size ); font-weight: var( --e-global-typography-text-font-weight );\">This website is designed to be able to change the text size and color, as well as the background of the page through the standard configuration options of the browsers.<\/span><\/p>\n<p>If you want to change the font size of the text in the main graphic browsers, use the following menus:<\/p>\n<ul>\n<li>Internet Explorer, Mozilla, and Firefox: View &gt; Text Size<\/li>\n<li>Opera: View &gt; Zoom<\/li>\n<li>Safari: View &gt; Make Text Bigger<\/li>\n<li>Chrome: Control Current Page &gt; Text Size To change the size of everything on the page:<\/li>\n<li>Ctrl + + to increase it<\/li><li>Ctrl + \u2013 to decrease it<\/li><li>Ctrl + 0 restores the original size of the text<\/li><li>If what you want is to override the style sheet or modify the color of the text, you can consult the page <span lang=\"en\" style=\"background-color: transparent; color: var( --e-global-color-text ); font-family: var( --e-global-typography-text-font-family ), Sans-serif; font-weight: var( --e-global-typography-text-font-weight );\">How to Change Text Size or Colors of the WAI<\/span><span style=\"background-color: transparent; color: var( --e-global-color-text ); font-family: var( --e-global-typography-text-font-family ), Sans-serif; font-weight: var( --e-global-typography-text-font-weight );\">, which can be read translated into Spanish in How to change the text size or colors?<\/span><\/li>\n<\/ul>\t\t\t\t\t\t\t\t<\/div>\n\t\t\t\t<\/div>\n\t\t\t\t<div class=\"elementor-element elementor-element-6a1ecad elementor-invisible elementor-widget elementor-widget-heading\" data-id=\"6a1ecad\" data-element_type=\"widget\" data-settings=\"{&quot;_animation&quot;:&quot;fadeIn&quot;}\" data-widget_type=\"heading.default\">\n\t\t\t\t<div class=\"elementor-widget-container\">\n\t\t\t\t\t<h2 class=\"elementor-heading-title elementor-size-default\">ACCESSIBILITY FEATURES ON OUR WEBSITE<\/h2>\t\t\t\t<\/div>\n\t\t\t\t<\/div>\n\t\t\t\t<div class=\"elementor-element elementor-element-cb48e77 elementor-widget elementor-widget-text-editor\" data-id=\"cb48e77\" data-element_type=\"widget\" data-widget_type=\"text-editor.default\">\n\t\t\t\t<div class=\"elementor-widget-container\">\n\t\t\t\t\t\t\t\t\t<div><span style=\"color: var( --e-global-color-text ); font-family: var( --e-global-typography-text-font-family ), Sans-serif; font-size: var( --e-global-typography-text-font-size ); font-weight: var( --e-global-typography-text-font-weight );\">Mediante el plugin \u00abOne Click Accessibility\u00bb hemos incorporado las siguientes herramientas para mejorar la accesibilidad:<\/span><\/div><ul><li>Change font size (increase\/decrease)<\/li><li>Grayscale<\/li><li>negative contrast<\/li><li>High contrast<\/li><li>light background<\/li><li>link underlining<\/li><li>human readable font<\/li><li>Link to sitemap\/comments\/help pages<\/li><li>Enable skip to content<\/li><li>Add outline focus for focusable elements<\/li><li>Remove target attribute from links<\/li><li>Add reference roles to all links<\/li><li>Customizer for style adjustment<\/li><\/ul>\t\t\t\t\t\t\t\t<\/div>\n\t\t\t\t<\/div>\n\t\t\t\t<div class=\"elementor-element elementor-element-38f5d13 elementor-invisible elementor-widget elementor-widget-heading\" data-id=\"38f5d13\" data-element_type=\"widget\" data-settings=\"{&quot;_animation&quot;:&quot;fadeIn&quot;}\" data-widget_type=\"heading.default\">\n\t\t\t\t<div class=\"elementor-widget-container\">\n\t\t\t\t\t<h2 class=\"elementor-heading-title elementor-size-default\">WHERE ARE WE IMPROVING<\/h2>\t\t\t\t<\/div>\n\t\t\t\t<\/div>\n\t\t\t\t<div class=\"elementor-element elementor-element-e12c902 elementor-widget elementor-widget-text-editor\" data-id=\"e12c902\" data-element_type=\"widget\" data-widget_type=\"text-editor.default\">\n\t\t\t\t<div class=\"elementor-widget-container\">\n\t\t\t\t\t\t\t\t\t<div><span style=\"color: var( --e-global-color-text ); font-family: var( --e-global-typography-text-font-family ), Sans-serif; font-size: var( --e-global-typography-text-font-size ); font-weight: var( --e-global-typography-text-font-weight );\">This is part of our broader effort to make everyone&#039;s experience at SALUD CBO welcoming and enjoyable. Please note that while we make every effort to provide information accessible to all users, we cannot guarantee the accessibility of third-party websites to which we may link.<\/span><\/div>\t\t\t\t\t\t\t\t<\/div>\n\t\t\t\t<\/div>\n\t\t\t\t<div class=\"elementor-element elementor-element-b5a63cd elementor-invisible elementor-widget elementor-widget-heading\" data-id=\"b5a63cd\" data-element_type=\"widget\" data-settings=\"{&quot;_animation&quot;:&quot;fadeIn&quot;}\" data-widget_type=\"heading.default\">\n\t\t\t\t<div class=\"elementor-widget-container\">\n\t\t\t\t\t<h2 class=\"elementor-heading-title elementor-size-default\">ACCESSIBILITY SUPPORT CONTACT<\/h2>\t\t\t\t<\/div>\n\t\t\t\t<\/div>\n\t\t\t\t<div class=\"elementor-element elementor-element-3892aad elementor-widget elementor-widget-text-editor\" data-id=\"3892aad\" data-element_type=\"widget\" data-widget_type=\"text-editor.default\">\n\t\t\t\t<div class=\"elementor-widget-container\">\n\t\t\t\t\t\t\t\t\t<div><span style=\"color: var( --e-global-color-text ); font-family: var( --e-global-typography-text-font-family ), Sans-serif; font-size: var( --e-global-typography-text-font-size ); font-weight: var( --e-global-typography-text-font-weight );\">Damos la bienvenida a comentarios, preguntas y comentarios sobre nuestro sitio web. Si est\u00e1 utilizando tecnolog\u00edas de asistencia y tiene dificultades para usar nuestro sitio web, env\u00ede un correo electr\u00f3nico a cbo.salud@gmail.com. Haremos todo lo posible para ayudar y resolver los problemas.<\/span><\/div>\t\t\t\t\t\t\t\t<\/div>\n\t\t\t\t<\/div>\n\t\t\t\t\t<\/div>\n\t\t<\/div>\n\t\t\t\t\t<\/div>\n\t\t<\/section>\n\t\t\t\t<section class=\"elementor-section elementor-top-section elementor-element elementor-element-7354cac elementor-section-boxed elementor-section-height-default elementor-section-height-default\" data-id=\"7354cac\" data-element_type=\"section\">\n\t\t\t\t\t\t<div class=\"elementor-container elementor-column-gap-default\">\n\t\t\t\t\t<div class=\"elementor-column elementor-col-100 elementor-top-column elementor-element elementor-element-f07797d\" data-id=\"f07797d\" data-element_type=\"column\">\n\t\t\t<div class=\"elementor-widget-wrap elementor-element-populated\">\n\t\t\t\t\t\t<div class=\"elementor-element elementor-element-e9d3515 elementor-align-center elementor-widget elementor-widget-button\" data-id=\"e9d3515\" data-element_type=\"widget\" data-widget_type=\"button.default\">\n\t\t\t\t<div class=\"elementor-widget-container\">\n\t\t\t\t\t\t\t\t\t<div class=\"elementor-button-wrapper\">\n\t\t\t\t\t<a class=\"elementor-button elementor-button-link elementor-size-md elementor-animation-grow\" href=\"https:\/\/www.saludcbo.com\/en\/contact\/\">\n\t\t\t\t\t\t<span class=\"elementor-button-content-wrapper\">\n\t\t\t\t\t\t\t\t\t<span class=\"elementor-button-text\">Ask for more information<\/span>\n\t\t\t\t\t<\/span>\n\t\t\t\t\t<\/a>\n\t\t\t\t<\/div>\n\t\t\t\t\t\t\t\t<\/div>\n\t\t\t\t<\/div>\n\t\t\t\t\t<\/div>\n\t\t<\/div>\n\t\t\t\t\t<\/div>\n\t\t<\/section>\n\t\t\t\t<\/div>","protected":false},"excerpt":{"rendered":"<p>ACCESIBILIDAD Declaraci\u00f3n responsable de accesibilidad de este sitio web en cumplimiento con la normativa vigente se ha comprometido a proporcionar una experiencia de sitio web totalmente accesible para todos los usuarios, incluidos aquellos que dependen de tecnolog\u00edas de asistencia como lectores de pantalla, software de ampliaci\u00f3n de pantalla y dispositivos de entrada de teclado alternativos [&hellip;]<\/p>","protected":false},"author":4,"featured_media":207,"parent":0,"menu_order":14,"comment_status":"closed","ping_status":"closed","template":"elementor_header_footer","meta":{"_joinchat":[],"footnotes":""},"class_list":["post-327","page","type-page","status-publish","has-post-thumbnail","hentry"],"yoast_head":"<!-- This site is optimized with the Yoast SEO plugin v24.4 - https:\/\/yoast.com\/wordpress\/plugins\/seo\/ -->\n<title>Accesibilidad | Salud CBO<\/title>\n<meta name=\"description\" content=\"Ofrecemos opciones personalizadas y cumplimos con est\u00e1ndares de accesibilidad web. Tu experiencia es importante para nosotros.\" \/>\n<meta name=\"robots\" content=\"noindex, nofollow\" \/>\n<meta property=\"og:locale\" content=\"en_US\" \/>\n<meta property=\"og:type\" content=\"article\" \/>\n<meta property=\"og:title\" content=\"Accesibilidad | Salud CBO\" \/>\n<meta property=\"og:description\" content=\"Ofrecemos opciones personalizadas y cumplimos con est\u00e1ndares de accesibilidad web. Tu experiencia es importante para nosotros.\" \/>\n<meta property=\"og:url\" content=\"https:\/\/www.saludcbo.com\/en\/accessibility\/\" \/>\n<meta property=\"og:site_name\" content=\"Salud CBO\" \/>\n<meta property=\"article:modified_time\" content=\"2023-08-06T16:06:21+00:00\" \/>\n<meta property=\"og:image\" content=\"https:\/\/www.saludcbo.com\/wp-content\/uploads\/2023\/03\/accesibilidad.jpg\" \/>\n\t<meta property=\"og:image:width\" content=\"1700\" \/>\n\t<meta property=\"og:image:height\" content=\"590\" \/>\n\t<meta property=\"og:image:type\" content=\"image\/jpeg\" \/>\n<meta name=\"twitter:card\" content=\"summary_large_image\" \/>\n<script type=\"application\/ld+json\" class=\"yoast-schema-graph\">{\"@context\":\"https:\/\/schema.org\",\"@graph\":[{\"@type\":\"WebPage\",\"@id\":\"https:\/\/www.saludcbo.com\/accesibilidad\/\",\"url\":\"https:\/\/www.saludcbo.com\/accesibilidad\/\",\"name\":\"Accesibilidad | Salud CBO\",\"isPartOf\":{\"@id\":\"https:\/\/www.saludcbo.com\/#website\"},\"primaryImageOfPage\":{\"@id\":\"https:\/\/www.saludcbo.com\/accesibilidad\/#primaryimage\"},\"image\":{\"@id\":\"https:\/\/www.saludcbo.com\/accesibilidad\/#primaryimage\"},\"thumbnailUrl\":\"https:\/\/www.saludcbo.com\/wp-content\/uploads\/2023\/03\/accesibilidad.jpg\",\"datePublished\":\"2023-03-28T09:42:17+00:00\",\"dateModified\":\"2023-08-06T16:06:21+00:00\",\"description\":\"Ofrecemos opciones personalizadas y cumplimos con est\u00e1ndares de accesibilidad web. Tu experiencia es importante para nosotros.\",\"breadcrumb\":{\"@id\":\"https:\/\/www.saludcbo.com\/accesibilidad\/#breadcrumb\"},\"inLanguage\":\"en-US\",\"potentialAction\":[{\"@type\":\"ReadAction\",\"target\":[\"https:\/\/www.saludcbo.com\/accesibilidad\/\"]}]},{\"@type\":\"ImageObject\",\"inLanguage\":\"en-US\",\"@id\":\"https:\/\/www.saludcbo.com\/accesibilidad\/#primaryimage\",\"url\":\"https:\/\/www.saludcbo.com\/wp-content\/uploads\/2023\/03\/accesibilidad.jpg\",\"contentUrl\":\"https:\/\/www.saludcbo.com\/wp-content\/uploads\/2023\/03\/accesibilidad.jpg\",\"width\":1700,\"height\":590,\"caption\":\"accesibilidad\"},{\"@type\":\"BreadcrumbList\",\"@id\":\"https:\/\/www.saludcbo.com\/accesibilidad\/#breadcrumb\",\"itemListElement\":[{\"@type\":\"ListItem\",\"position\":1,\"name\":\"Inicio\",\"item\":\"https:\/\/www.saludcbo.com\/\"},{\"@type\":\"ListItem\",\"position\":2,\"name\":\"Accesibilidad\"}]},{\"@type\":\"WebSite\",\"@id\":\"https:\/\/www.saludcbo.com\/#website\",\"url\":\"https:\/\/www.saludcbo.com\/\",\"name\":\"Salud CBO\",\"description\":\"Entrenamiento, salud y nutrici\u00f3n\",\"publisher\":{\"@id\":\"https:\/\/www.saludcbo.com\/#organization\"},\"potentialAction\":[{\"@type\":\"SearchAction\",\"target\":{\"@type\":\"EntryPoint\",\"urlTemplate\":\"https:\/\/www.saludcbo.com\/?s={search_term_string}\"},\"query-input\":{\"@type\":\"PropertyValueSpecification\",\"valueRequired\":true,\"valueName\":\"search_term_string\"}}],\"inLanguage\":\"en-US\"},{\"@type\":\"Organization\",\"@id\":\"https:\/\/www.saludcbo.com\/#organization\",\"name\":\"Salud CBO\",\"url\":\"https:\/\/www.saludcbo.com\/\",\"logo\":{\"@type\":\"ImageObject\",\"inLanguage\":\"en-US\",\"@id\":\"https:\/\/www.saludcbo.com\/#\/schema\/logo\/image\/\",\"url\":\"https:\/\/www.saludcbo.com\/wp-content\/uploads\/2023\/11\/blanco-cbo-todo-negro.svg\",\"contentUrl\":\"https:\/\/www.saludcbo.com\/wp-content\/uploads\/2023\/11\/blanco-cbo-todo-negro.svg\",\"width\":4225,\"height\":1917,\"caption\":\"Salud CBO\"},\"image\":{\"@id\":\"https:\/\/www.saludcbo.com\/#\/schema\/logo\/image\/\"},\"sameAs\":[\"https:\/\/www.instagram.com\/cbo.salud\/?next=oauthauthorizeclient_id400ff79529614b828f626077a1186a50redirect_urihttpswww.sohopathi.comapsl_instagram_checkredirect_tohttpswww.sohopathi.comstaff17393-100264609scopeuser_profileuser_mediaresponse_typecodelogger_idd7b8e733-8fcc-4357-899e-cf98282827df\"]}]}<\/script>\n<!-- \/ Yoast SEO plugin. -->","yoast_head_json":{"title":"Accesibilidad | Salud CBO","description":"Ofrecemos opciones personalizadas y cumplimos con est\u00e1ndares de accesibilidad web. Tu experiencia es importante para nosotros.","robots":{"index":"noindex","follow":"nofollow"},"og_locale":"en_US","og_type":"article","og_title":"Accesibilidad | Salud CBO","og_description":"Ofrecemos opciones personalizadas y cumplimos con est\u00e1ndares de accesibilidad web. Tu experiencia es importante para nosotros.","og_url":"https:\/\/www.saludcbo.com\/en\/accessibility\/","og_site_name":"Salud CBO","article_modified_time":"2023-08-06T16:06:21+00:00","og_image":[{"width":1700,"height":590,"url":"https:\/\/www.saludcbo.com\/wp-content\/uploads\/2023\/03\/accesibilidad.jpg","type":"image\/jpeg"}],"twitter_card":"summary_large_image","schema":{"@context":"https:\/\/schema.org","@graph":[{"@type":"WebPage","@id":"https:\/\/www.saludcbo.com\/accesibilidad\/","url":"https:\/\/www.saludcbo.com\/accesibilidad\/","name":"Accesibilidad | Salud CBO","isPartOf":{"@id":"https:\/\/www.saludcbo.com\/#website"},"primaryImageOfPage":{"@id":"https:\/\/www.saludcbo.com\/accesibilidad\/#primaryimage"},"image":{"@id":"https:\/\/www.saludcbo.com\/accesibilidad\/#primaryimage"},"thumbnailUrl":"https:\/\/www.saludcbo.com\/wp-content\/uploads\/2023\/03\/accesibilidad.jpg","datePublished":"2023-03-28T09:42:17+00:00","dateModified":"2023-08-06T16:06:21+00:00","description":"Ofrecemos opciones personalizadas y cumplimos con est\u00e1ndares de accesibilidad web. Tu experiencia es importante para nosotros.","breadcrumb":{"@id":"https:\/\/www.saludcbo.com\/accesibilidad\/#breadcrumb"},"inLanguage":"en-US","potentialAction":[{"@type":"ReadAction","target":["https:\/\/www.saludcbo.com\/accesibilidad\/"]}]},{"@type":"ImageObject","inLanguage":"en-US","@id":"https:\/\/www.saludcbo.com\/accesibilidad\/#primaryimage","url":"https:\/\/www.saludcbo.com\/wp-content\/uploads\/2023\/03\/accesibilidad.jpg","contentUrl":"https:\/\/www.saludcbo.com\/wp-content\/uploads\/2023\/03\/accesibilidad.jpg","width":1700,"height":590,"caption":"accesibilidad"},{"@type":"BreadcrumbList","@id":"https:\/\/www.saludcbo.com\/accesibilidad\/#breadcrumb","itemListElement":[{"@type":"ListItem","position":1,"name":"Inicio","item":"https:\/\/www.saludcbo.com\/"},{"@type":"ListItem","position":2,"name":"Accesibilidad"}]},{"@type":"WebSite","@id":"https:\/\/www.saludcbo.com\/#website","url":"https:\/\/www.saludcbo.com\/","name":"Salud CBO","description":"Entrenamiento, salud y nutrici\u00f3n","publisher":{"@id":"https:\/\/www.saludcbo.com\/#organization"},"potentialAction":[{"@type":"SearchAction","target":{"@type":"EntryPoint","urlTemplate":"https:\/\/www.saludcbo.com\/?s={search_term_string}"},"query-input":{"@type":"PropertyValueSpecification","valueRequired":true,"valueName":"search_term_string"}}],"inLanguage":"en-US"},{"@type":"Organization","@id":"https:\/\/www.saludcbo.com\/#organization","name":"Salud CBO","url":"https:\/\/www.saludcbo.com\/","logo":{"@type":"ImageObject","inLanguage":"en-US","@id":"https:\/\/www.saludcbo.com\/#\/schema\/logo\/image\/","url":"https:\/\/www.saludcbo.com\/wp-content\/uploads\/2023\/11\/blanco-cbo-todo-negro.svg","contentUrl":"https:\/\/www.saludcbo.com\/wp-content\/uploads\/2023\/11\/blanco-cbo-todo-negro.svg","width":4225,"height":1917,"caption":"Salud CBO"},"image":{"@id":"https:\/\/www.saludcbo.com\/#\/schema\/logo\/image\/"},"sameAs":["https:\/\/www.instagram.com\/cbo.salud\/?next=oauthauthorizeclient_id400ff79529614b828f626077a1186a50redirect_urihttpswww.sohopathi.comapsl_instagram_checkredirect_tohttpswww.sohopathi.comstaff17393-100264609scopeuser_profileuser_mediaresponse_typecodelogger_idd7b8e733-8fcc-4357-899e-cf98282827df"]}]}},"_links":{"self":[{"href":"https:\/\/www.saludcbo.com\/en\/wp-json\/wp\/v2\/pages\/327","targetHints":{"allow":["GET"]}}],"collection":[{"href":"https:\/\/www.saludcbo.com\/en\/wp-json\/wp\/v2\/pages"}],"about":[{"href":"https:\/\/www.saludcbo.com\/en\/wp-json\/wp\/v2\/types\/page"}],"author":[{"embeddable":true,"href":"https:\/\/www.saludcbo.com\/en\/wp-json\/wp\/v2\/users\/4"}],"replies":[{"embeddable":true,"href":"https:\/\/www.saludcbo.com\/en\/wp-json\/wp\/v2\/comments?post=327"}],"version-history":[{"count":5,"href":"https:\/\/www.saludcbo.com\/en\/wp-json\/wp\/v2\/pages\/327\/revisions"}],"predecessor-version":[{"id":1055,"href":"https:\/\/www.saludcbo.com\/en\/wp-json\/wp\/v2\/pages\/327\/revisions\/1055"}],"wp:featuredmedia":[{"embeddable":true,"href":"https:\/\/www.saludcbo.com\/en\/wp-json\/wp\/v2\/media\/207"}],"wp:attachment":[{"href":"https:\/\/www.saludcbo.com\/en\/wp-json\/wp\/v2\/media?parent=327"}],"curies":[{"name":"wp","href":"https:\/\/api.w.org\/{rel}","templated":true}]}}